{"id":7,"date":"2008-06-22T00:38:51","date_gmt":"2008-06-21T22:38:51","guid":{"rendered":"http:\/\/www.danielrossellat.ch\/?page_id=7"},"modified":"2023-09-28T09:44:07","modified_gmt":"2023-09-28T08:44:07","slug":"accueil","status":"publish","type":"page","link":"https:\/\/www.danielrossellat.ch\/","title":{"rendered":"Accueil"},"content":{"rendered":"\t\t<div data-elementor-type=\"wp-page\" data-elementor-id=\"7\" class=\"elementor elementor-7\" data-elementor-settings=\"[]\">\n\t\t\t\t\t\t<div class=\"elementor-inner\">\n\t\t\t\t\t\t\t<div class=\"elementor-section-wrap\">\n\t\t\t\t\t\t\t<section class=\"elementor-section elementor-top-section elementor-element elementor-element-ab7626a elementor-section-boxed elementor-section-height-default elementor-section-height-default\" data-id=\"ab7626a\" data-element_type=\"section\">\n\t\t\t\t\t\t<div class=\"elementor-container elementor-column-gap-default\">\n\t\t\t\t\t\t\t<div class=\"elementor-row\">\n\t\t\t\t\t<div class=\"elementor-column elementor-col-100 elementor-top-column elementor-element elementor-element-5d2657c\" data-id=\"5d2657c\" data-element_type=\"column\">\n\t\t\t<div class=\"elementor-column-wrap elementor-element-populated\">\n\t\t\t\t\t\t\t<div class=\"elementor-widget-wrap\">\n\t\t\t\t\t\t\t\t<\/div>\n\t\t\t\t\t<\/div>\n\t\t<\/div>\n\t\t\t\t\t\t\t\t<\/div>\n\t\t\t\t\t<\/div>\n\t\t<\/section>\n\t\t\t\t<section class=\"elementor-section elementor-top-section elementor-element elementor-element-c5340b2 elementor-section-boxed elementor-section-height-default elementor-section-height-default\" data-id=\"c5340b2\" data-element_type=\"section\">\n\t\t\t\t\t\t<div class=\"elementor-container elementor-column-gap-default\">\n\t\t\t\t\t\t\t<div class=\"elementor-row\">\n\t\t\t\t\t<div class=\"elementor-column elementor-col-100 elementor-top-column elementor-element elementor-element-c7b7fcc\" data-id=\"c7b7fcc\" data-element_type=\"column\">\n\t\t\t<div class=\"elementor-column-wrap elementor-element-populated\">\n\t\t\t\t\t\t\t<div class=\"elementor-widget-wrap\">\n\t\t\t\t\t\t<div class=\"elementor-element elementor-element-5df591a elementor-widget elementor-widget-text-editor\" data-id=\"5df591a\" data-element_type=\"widget\" data-widget_type=\"text-editor.default\">\n\t\t\t\t<div class=\"elementor-widget-container\">\n\t\t\t\t\t<div class=\"elementor-text-editor elementor-clearfix\"><p>Nyon,<em> le 17 juillet 2023<\/em> &#8211; <strong>Le Temps \/ Grande Interview<\/strong><\/p>\n<p>Critiqu\u00e9 apr\u00e8s deux ann\u00e9es de turbulences au sein de l\u2019administration nyonnaise, le syndic de la ville vaudoise accepte pour la premi\u00e8re fois de revenir sur cette p\u00e9riode aussi intense que compliqu\u00e9e. Il \u00e9voque \u00e9galement la programmation de Pal\u00e9o qui d\u00e9bute dans quelques jours.<\/p>\n<p><a href=\"https:\/\/www.danielrossellat.ch\/wp-content\/uploads\/2023\/09\/le-temps-20230715-1.pdf\" target=\"_blank\" rel=\"noreferrer noopener\">L\u2019article paru dans Le Temps du 15 juillet est disponible en int\u00e9gralit\u00e9 ici.<\/a><\/p><\/div>\n\t\t\t\t<\/div>\n\t\t\t\t<\/div>\n\t\t\t\t<div class=\"elementor-element elementor-element-2831cb8 elementor-widget elementor-widget-text-editor\" data-id=\"2831cb8\" data-element_type=\"widget\" data-widget_type=\"text-editor.default\">\n\t\t\t\t<div class=\"elementor-widget-container\">\n\t\t\t\t\t<div class=\"elementor-text-editor elementor-clearfix\"><p><em>Nyon, le 8 mars 2021<\/em> &#8211; <strong>Avec 3\u2019014 voix (55,2%), j&#8217;ai \u00e9t\u00e9 r\u00e9\u00e9lu au premier tour \u00e0 la municipalit\u00e9 de Nyon. Je suis tr\u00e8s heureux de ce tr\u00e8s bon r\u00e9sultat et tr\u00e8s touch\u00e9 de la confiance de la population nyonnaise que je remercie tr\u00e8s sinc\u00e8rement. Je me r\u00e9jouis de poursuivre mon activit\u00e9 au sein de l&#8217;ex\u00e9cutif de ma ville. Je f\u00e9licite ma coll\u00e8gue St\u00e9phanie Schmutz pour sa brillante r\u00e9\u00e9lection. Et un grand bravo \u00e0 Elise Buckle, Alexandre D\u00e9m\u00e9triad\u00e8s et Pierre Wahlen pour leur non moins brillante \u00e9lection au premier tour.<\/strong><\/p><\/div>\n\t\t\t\t<\/div>\n\t\t\t\t<\/div>\n\t\t\t\t\t\t<\/div>\n\t\t\t\t\t<\/div>\n\t\t<\/div>\n\t\t\t\t\t\t\t\t<\/div>\n\t\t\t\t\t<\/div>\n\t\t<\/section>\n\t\t\t\t<section class=\"elementor-section elementor-top-section elementor-element elementor-element-bb235c4 elementor-section-boxed elementor-section-height-default elementor-section-height-default\" data-id=\"bb235c4\" data-element_type=\"section\">\n\t\t\t\t\t\t<div class=\"elementor-container elementor-column-gap-default\">\n\t\t\t\t\t\t\t<div class=\"elementor-row\">\n\t\t\t\t\t<div class=\"elementor-column elementor-col-100 elementor-top-column elementor-element elementor-element-7c9dae9\" data-id=\"7c9dae9\" data-element_type=\"column\">\n\t\t\t<div class=\"elementor-column-wrap elementor-element-populated\">\n\t\t\t\t\t\t\t<div class=\"elementor-widget-wrap\">\n\t\t\t\t\t\t<div class=\"elementor-element elementor-element-9582760 elementor-widget elementor-widget-image\" data-id=\"9582760\" data-element_type=\"widget\" data-widget_type=\"image.default\">\n\t\t\t\t<div class=\"elementor-widget-container\">\n\t\t\t\t\t<div class=\"elementor-image\">\n\t\t\t\t\t\t\t\t\t\t<img width=\"484\" height=\"196\" src=\"https:\/\/www.danielrossellat.ch\/wp-content\/uploads\/2021\/03\/2016-2021.png\" class=\"attachment-large size-large\" alt=\"\" loading=\"lazy\" srcset=\"https:\/\/www.danielrossellat.ch\/wp-content\/uploads\/2021\/03\/2016-2021.png 484w, https:\/\/www.danielrossellat.ch\/wp-content\/uploads\/2021\/03\/2016-2021-300x121.png 300w, https:\/\/www.danielrossellat.ch\/wp-content\/uploads\/2021\/03\/2016-2021-150x61.png 150w\" sizes=\"(max-width: 484px) 100vw, 484px\" \/>\t\t\t\t\t\t\t\t\t\t\t<\/div>\n\t\t\t\t<\/div>\n\t\t\t\t<\/div>\n\t\t\t\t\t\t<\/div>\n\t\t\t\t\t<\/div>\n\t\t<\/div>\n\t\t\t\t\t\t\t\t<\/div>\n\t\t\t\t\t<\/div>\n\t\t<\/section>\n\t\t\t\t<section class=\"elementor-section elementor-top-section elementor-element elementor-element-6300541b elementor-section-boxed elementor-section-height-default elementor-section-height-default\" data-id=\"6300541b\" data-element_type=\"section\">\n\t\t\t\t\t\t<div class=\"elementor-container elementor-column-gap-default\">\n\t\t\t\t\t\t\t<div class=\"elementor-row\">\n\t\t\t\t\t<div class=\"elementor-column elementor-col-100 elementor-top-column elementor-element elementor-element-4659113d\" data-id=\"4659113d\" data-element_type=\"column\">\n\t\t\t<div class=\"elementor-column-wrap elementor-element-populated\">\n\t\t\t\t\t\t\t<div class=\"elementor-widget-wrap\">\n\t\t\t\t\t\t<div class=\"elementor-element elementor-element-10d0070a elementor-widget elementor-widget-text-editor\" data-id=\"10d0070a\" data-element_type=\"widget\" data-widget_type=\"text-editor.default\">\n\t\t\t\t<div class=\"elementor-widget-container\">\n\t\t\t\t\t<div class=\"elementor-text-editor elementor-clearfix\"><p><!-- wp:html --><\/p>\n<div data-colibri-id=\"7-c1\">\n<div data-colibri-component=\"section\" data-colibri-id=\"7-c2\">\n<div>\n<div data-colibri-id=\"7-c3\">\n<div>\n<div>\n<div data-colibri-id=\"7-c4\">\n<div>\n<div data-colibri-id=\"7-c5\"><em>Nyon, le 14 janvier 2021<\/em> &#8211; <strong>Daniel Rossellat, les Vert.e.s et le Parti Socialiste pr\u00e9sentent une liste commune \u00e0 la Municipalit\u00e9 de Nyon pour insuffler un nouvel \u00e9lan \u00e0 l\u2019action municipale lors de la prochaine l\u00e9gislature. Les cinq candidat.e.s de la plateforme de gauche, aux exp\u00e9riences et comp\u00e9tences compl\u00e9mentaires, portent un programme fort et ambitieux pour Nyon, \u00e0 la hauteur des d\u00e9fis sociaux, climatiques et \u00e9conomiques d\u2019aujourd\u2019hui .<\/strong>\n<div>\u00a0<\/div>\n<div>\n<p>La gauche nyonnaise pr\u00e9sente trois nouvelles candidatures aux c\u00f4t\u00e9s de Daniel Rossellat, syndic sortant, et de St\u00e9phanie Schmutz, municipale socialiste sortante, avec Elise Buckle et Pierre Wahlen pour les Vert.e.s ainsi qu\u2019Alexandre D\u00e9m\u00e9triad\u00e8s pour le Parti Socialiste. Cinq candidats au service d\u2019une \u00e9quipe soud\u00e9e et compl\u00e9mentaire en vue de regagner la majorit\u00e9 \u00e0 la Municipalit\u00e9 et de renforcer la gauche au Conseil Communal.<\/p>\n<p>\u201cLe contexte actuel exige la mise en place d\u2019une relance \u00e9conomique \u00e9cologique et solidaire \u00e0 Nyon, qui permette aux PME et commerces locaux de sortir de la crise rapidement et d\u2019en ressortir plus forts. C\u2019est ce que nous d\u00e9fendons aujourd\u2019hui.\u201d explique Daniel Rossellat.<\/p>\n<p>Habitu\u00e9e \u00e0 porter ensemble les grands projets et politiques publiques qui feront Nyon demain, tant \u00e0 la Municipalit\u00e9 qu\u2019au Conseil Communal, la plateforme de gauche entend bien proposer une alternative positive, faite d\u2019exp\u00e9riences politiques fortes et d\u2019id\u00e9es nouvelles. \u201cNotre objectif est de rassembler largement pour donner un vrai coup d&#8217;acc\u00e9l\u00e9rateur sur la r\u00e9solution des enjeux climatiques, \u00e9conomiques et sociaux \u00e0 Nyon! Nous devons plus que jamais \u00eatre unis pour construire la Ville de demain avec \u00e9nergie et enthousiasme.\u201d pr\u00e9cise Elise Buckle.<\/p>\n<p>\u201cNotre action vise \u00e0 faire de Nyon une ville accueillante et dynamique, qui propose notamment des logements abordables en nombre suffisant et qui fasse des quartiers et du coeur de ville des lieux o\u00f9 il fait bon-vivre!\u201d affirme Alexandre D\u00e9m\u00e9triad\u00e8s. \u201cCela passe aussi par la mise en place d\u2019un plan climat ambitieux, qui doit pr\u00f4ner une action d\u00e9cisive sur des questions aussi critiques que la r\u00e9novation \u00e9nerg\u00e9tique des b\u00e2timents ou la promotion des \u00e9nergies renouvelables.\u201d ajoute Pierre Wahlen.<\/p>\n<p>\u201cSans oublier la n\u00e9cessit\u00e9 de renforcer de mani\u00e8re claire le soutien aux milieux sportif et culturel de notre ville qui forment un tissu associatif d\u2019une densit\u00e9 et d\u2019une qualit\u00e9 rare, et dont tellement d\u2019habitants de Nyon profitent. La crise actuelle les a grandement affect\u00e9s, il est donc primordial que la Municipalit\u00e9 s\u2019engage de mani\u00e8re encore plus forte \u00e0 leurs c\u00f4t\u00e9s.\u201d conclut St\u00e9phanie Schmutz.<\/p>\n<p>C\u2019est donc rassembl\u00e9e, ambitieuse et d\u00e9termin\u00e9e que la plateforme de gauche se pr\u00e9sente aux \u00e9lections \u00e0 la Municipalit\u00e9 de Nyon qui se d\u00e9rouleront le 7 mars 2021.<\/p>\n<p><a href=\"http:\/\/wp.me\/agXyL-dK\" target=\"_blank\" rel=\"noopener\">Lire le communiqu\u00e9 ici<\/a><\/p>\n<p>\u00a0<\/p>\n<\/div>\n<\/div>\n<\/div>\n<\/div>\n<\/div>\n<\/div>\n<\/div>\n<\/div>\n<\/div>\n<\/div>\n<p><!-- \/wp:html --><\/p><\/div>\n\t\t\t\t<\/div>\n\t\t\t\t<\/div>\n\t\t\t\t\t\t<\/div>\n\t\t\t\t\t<\/div>\n\t\t<\/div>\n\t\t\t\t\t\t\t\t<\/div>\n\t\t\t\t\t<\/div>\n\t\t<\/section>\n\t\t\t\t\t\t<\/div>\n\t\t\t\t\t\t<\/div>\n\t\t\t\t\t<\/div>\n\t\t","protected":false},"excerpt":{"rendered":"<p>Daniel Rossellat, Syndic de Nyon | News &#8211; 3 novembre 2020 Message de la part de Daniel Rossellat, qui annonce sa candidature aux \u00e9lections municipales de 2021: Bien le bonjour, Apr\u00e8s une large r\u00e9flexion sur mon avenir politique, je peux aujourd\u2019hui confirmer ma volont\u00e9 de poursuivre mon action de syndic et donc me repr\u00e9senter lors [&hellip;]<\/p>\n","protected":false},"author":2,"featured_media":0,"parent":0,"menu_order":1,"comment_status":"closed","ping_status":"closed","template":"page-templates\/full-width-page.php","meta":[],"_links":{"self":[{"href":"https:\/\/www.danielrossellat.ch\/index.php?rest_route=\/wp\/v2\/pages\/7"}],"collection":[{"href":"https:\/\/www.danielrossellat.ch\/index.php?rest_route=\/wp\/v2\/pages"}],"about":[{"href":"https:\/\/www.danielrossellat.ch\/index.php?rest_route=\/wp\/v2\/types\/page"}],"author":[{"embeddable":true,"href":"https:\/\/www.danielrossellat.ch\/index.php?rest_route=\/wp\/v2\/users\/2"}],"replies":[{"embeddable":true,"href":"https:\/\/www.danielrossellat.ch\/index.php?rest_route=%2Fwp%2Fv2%2Fcomments&post=7"}],"version-history":[{"count":21,"href":"https:\/\/www.danielrossellat.ch\/index.php?rest_route=\/wp\/v2\/pages\/7\/revisions"}],"predecessor-version":[{"id":927,"href":"https:\/\/www.danielrossellat.ch\/index.php?rest_route=\/wp\/v2\/pages\/7\/revisions\/927"}],"wp:attachment":[{"href":"https:\/\/www.danielrossellat.ch\/index.php?rest_route=%2Fwp%2Fv2%2Fmedia&parent=7"}],"curies":[{"name":"wp","href":"https:\/\/api.w.org\/{rel}","templated":true}]}}